{"id":215,"date":"2013-07-15T13:31:28","date_gmt":"2013-07-15T11:31:28","guid":{"rendered":"http:\/\/snowdenart.zwergwerk.eu\/?page_id=215"},"modified":"2014-07-05T13:32:22","modified_gmt":"2014-07-05T11:32:22","slug":"von-der-idee-zum-konzept","status":"publish","type":"page","link":"https:\/\/snowdenart.zwergwerk.eu\/?page_id=215","title":{"rendered":"Von der Idee zum Konzept"},"content":{"rendered":"<p>SNOWDEN \u2026 ?<br \/>\nDaten geh\u00f6ren stets dem Urheber.<\/p>\n<p>Er hat die uneingeschr\u00e4nkte Verf\u00fcgungsgewalt. Das ist ein universelles Grundrecht. Wenn man seine Daten ausleiht, beispielsweise f\u00fcr ein Forschungsprojekt, dann hat man das abgeleitete Recht, auch auf die Daten in der verarbeiteten Form ohne Begrenzung einschlie\u00dflich der notwendigen Erl\u00e4uterungen.<br \/>\nNun gibt es dubiose Datensammler, die mit den Motiven der Herrschaft und des Gewinns oder auch mit dem meist vorgeschobenen Argument der kollektiven Sicherheit sich Daten aneignen und der beschriebenen Selbstbestimmung entziehen.<br \/>\nSie gef\u00e4hrden meist weltweit die Aus\u00fcbung eines fundamentalen Grundrechts und nutzen die weltweiten Datenstr\u00f6me, die nationalen Grenzen und die Geheimhaltung, um sich in der Tendenz unangreifbar zu machen und vor einer strafrechtlichen Verfolgung zu sch\u00fctzen.<\/p>\n<p>Nun hat ein Whistleblower &#8211; Edward Snowden &#8211; nachhaltig in die \u00d6ffentlichkeit gehoben, dass allen voran die USA (aber auch viele andere und vermutlich noch mehr) unvorstellbare Datenstr\u00f6me in ihre Herrschaftsgewalt umleiten. Was sie damit machen, bleibt geheim. Was sie damit machen k\u00f6nnen, ist ungeheuerlich.<\/p>\n<p>Ed Snowden (nicht zu vergessen sind viele andere Whistleblower wie\u00a0Chelsea Manning) hat die wichtigste Voraussetzung geschaffen,<br \/>\nden Menschen die entwendeten Daten zur\u00fcckzugeben.<\/p>\n<p>Wir sind f\u00fcr unsere Daten selbst zust\u00e4ndig. Und die gew\u00e4hlten Volksvertreter in den regierenden Mehrheiten sind wohl zu sehr im Datenmissbrauch verstrickt, um effektiv helfen zu k\u00f6nnen. Wir m\u00fcssen nun Wege finden, die Daten zur\u00fcckzuholen oder aber doch zumindest unwirksam zum machen.<\/p>\n<p>Praktisch ist das offenbar nur m\u00f6glich, wenn wir in einem Kommunikationskunst-Projekt f\u00fcr diesen Zweck erfundene Daten erzeugen und damit die gesammelten Daten bis zur Bedeutungslosigkeit anreichern und verw\u00e4ssert.<\/p>\n<p>An einem guten Beispiel:<br \/>\nEine zur Rasterfahndung von den USA ausgegebene Frage ist die nach dem potentiellen oder gegenw\u00e4rtigen Aufenthaltsort von Ed Snowden. Weil ich nicht m\u00f6chte, dass sich Ed Snowden f\u00fcr eine Heldentat in den USA verantworten soll, weil ihn dort, wie bereits angek\u00fcndigt, eine Strafe anstatt einer Belohnung erwartet, sage ich exemplarisch, dass er hier oder dort ist und dokumentiere das gleich auch jeweils mit einem Foto.<\/p>\n<p>Wenn nun in der Tendenz unendlich viele Menschen den Ed Snowden \u00fcberall auf der Welt markieren, dann ist er auch in der \u201eseri\u00f6sen\u201c Rasterfahndung \u00fcberall und nirgends.<\/p>\n<p>Ich fordere also auf, den Ed Snowden \u00fcberall in unseren Lebenswelten auftauchen zu lassen, um damit die bisher gesammelten Daten bis zur Unbrauchbarkeit zu verw\u00e4ssern.<\/p>\n<p>Den \u201efreigestellten\u201c Ed Snowden stelle ich gern zur Verf\u00fcgung \u2026<\/p>\n","protected":false},"excerpt":{"rendered":"<p>SNOWDEN \u2026 ? Daten geh\u00f6ren stets dem Urheber. Er hat die uneingeschr\u00e4nkte Verf\u00fcgungsgewalt. Das ist ein universelles Grundrecht. Wenn man seine Daten ausleiht, beispielsweise f\u00fcr ein Forschungsprojekt, dann hat man das abgeleitete Recht, auch auf die Daten in der verarbeiteten Form ohne Begrenzung einschlie\u00dflich der notwendigen Erl\u00e4uterungen. Nun gibt es dubiose Datensammler, die mit den &hellip; <\/p>\n<p class=\"link-more\"><a href=\"https:\/\/snowdenart.zwergwerk.eu\/?page_id=215\" class=\"more-link\"><span class=\"screen-reader-text\">\u201eVon der Idee zum Konzept\u201c <\/span>weiterlesen<\/a><\/p>\n","protected":false},"author":1,"featured_media":0,"parent":51,"menu_order":0,"comment_status":"closed","ping_status":"open","template":"page-templates\/full-width.php","meta":{"_crdt_document":"","jetpack_post_was_ever_published":false,"footnotes":""},"class_list":["post-215","page","type-page","status-publish","hentry"],"aioseo_notices":[],"jetpack_sharing_enabled":true,"jetpack_shortlink":"https:\/\/wp.me\/P4kkIq-3t","_links":{"self":[{"href":"https:\/\/snowdenart.zwergwerk.eu\/index.php?rest_route=\/wp\/v2\/pages\/215","targetHints":{"allow":["GET"]}}],"collection":[{"href":"https:\/\/snowdenart.zwergwerk.eu\/index.php?rest_route=\/wp\/v2\/pages"}],"about":[{"href":"https:\/\/snowdenart.zwergwerk.eu\/index.php?rest_route=\/wp\/v2\/types\/page"}],"author":[{"embeddable":true,"href":"https:\/\/snowdenart.zwergwerk.eu\/index.php?rest_route=\/wp\/v2\/users\/1"}],"replies":[{"embeddable":true,"href":"https:\/\/snowdenart.zwergwerk.eu\/index.php?rest_route=%2Fwp%2Fv2%2Fcomments&post=215"}],"version-history":[{"count":1,"href":"https:\/\/snowdenart.zwergwerk.eu\/index.php?rest_route=\/wp\/v2\/pages\/215\/revisions"}],"predecessor-version":[{"id":216,"href":"https:\/\/snowdenart.zwergwerk.eu\/index.php?rest_route=\/wp\/v2\/pages\/215\/revisions\/216"}],"up":[{"embeddable":true,"href":"https:\/\/snowdenart.zwergwerk.eu\/index.php?rest_route=\/wp\/v2\/pages\/51"}],"wp:attachment":[{"href":"https:\/\/snowdenart.zwergwerk.eu\/index.php?rest_route=%2Fwp%2Fv2%2Fmedia&parent=215"}],"curies":[{"name":"wp","href":"https:\/\/api.w.org\/{rel}","templated":true}]}}